{"id":1280,"date":"2026-03-07T21:29:41","date_gmt":"2026-03-07T20:29:41","guid":{"rendered":"https:\/\/www.lespoetesbodybuildes.fr\/?post_type=product&#038;p=1280"},"modified":"2026-03-08T14:55:11","modified_gmt":"2026-03-08T13:55:11","slug":"abonnement-a-la-collection-kraft-1-an","status":"publish","type":"product","link":"https:\/\/www.lespoetesbodybuildes.fr\/index.php\/produit\/abonnement-a-la-collection-kraft-1-an\/","title":{"rendered":"Abonnement \u00e0 la collection Kraft &#8211; 1 an"},"content":{"rendered":"<p>1 livre Kraft par mois directement chez vous.<\/p>\n<p>Plus besoin de r\u00e9fl\u00e9chir, \u00e7a arrive, comme le destin, mais en livre \u00e0 lire.<\/p>\n","protected":false},"excerpt":{"rendered":"<p>1 livre Kraft par mois directement chez vous.<\/p>\n<p>Plus besoin de r\u00e9fl\u00e9chir, \u00e7a arrive, comme le destin, mais en livre \u00e0 lire.<\/p>\n","protected":false},"featured_media":1286,"template":"","meta":{"_et_pb_use_builder":"","_et_pb_old_content":"","_et_gb_content_width":""},"product_brand":[],"product_cat":[15],"product_tag":[],"class_list":{"0":"post-1280","1":"product","2":"type-product","3":"status-publish","4":"has-post-thumbnail","6":"product_cat-non-classe","8":"first","9":"instock","10":"purchasable","11":"product-type-variable"},"_links":{"self":[{"href":"https:\/\/www.lespoetesbodybuildes.fr\/index.php\/wp-json\/wp\/v2\/product\/1280","targetHints":{"allow":["GET"]}}],"collection":[{"href":"https:\/\/www.lespoetesbodybuildes.fr\/index.php\/wp-json\/wp\/v2\/product"}],"about":[{"href":"https:\/\/www.lespoetesbodybuildes.fr\/index.php\/wp-json\/wp\/v2\/types\/product"}],"wp:featuredmedia":[{"embeddable":true,"href":"https:\/\/www.lespoetesbodybuildes.fr\/index.php\/wp-json\/wp\/v2\/media\/1286"}],"wp:attachment":[{"href":"https:\/\/www.lespoetesbodybuildes.fr\/index.php\/wp-json\/wp\/v2\/media?parent=1280"}],"wp:term":[{"taxonomy":"product_brand","embeddable":true,"href":"https:\/\/www.lespoetesbodybuildes.fr\/index.php\/wp-json\/wp\/v2\/product_brand?post=1280"},{"taxonomy":"product_cat","embeddable":true,"href":"https:\/\/www.lespoetesbodybuildes.fr\/index.php\/wp-json\/wp\/v2\/product_cat?post=1280"},{"taxonomy":"product_tag","embeddable":true,"href":"https:\/\/www.lespoetesbodybuildes.fr\/index.php\/wp-json\/wp\/v2\/product_tag?post=1280"}],"curies":[{"name":"wp","href":"https:\/\/api.w.org\/{rel}","templated":true}]}}