{"id":1252,"date":"2025-10-12T22:08:48","date_gmt":"2025-10-12T20:08:48","guid":{"rendered":"https:\/\/www.lespoetesbodybuildes.fr\/?page_id=1252"},"modified":"2026-04-02T23:27:55","modified_gmt":"2026-04-02T21:27:55","slug":"collection-kraft","status":"publish","type":"page","link":"https:\/\/www.lespoetesbodybuildes.fr\/index.php\/collection-kraft\/","title":{"rendered":"Collection Kraft"},"content":{"rendered":"<p>[et_pb_section fb_built=\u00a0\u00bb1&Prime; admin_label=\u00a0\u00bbsection\u00a0\u00bb _builder_version=\u00a0\u00bb3.22&Prime;][et_pb_row _builder_version=\u00a0\u00bb4.6.6&Prime; _module_preset=\u00a0\u00bbdefault\u00a0\u00bb][et_pb_column type=\u00a0\u00bb4_4&Prime; _builder_version=\u00a0\u00bb4.6.6&Prime; _module_preset=\u00a0\u00bbdefault\u00a0\u00bb][et_pb_text _builder_version=\u00a0\u00bb4.6.6&Prime; _module_preset=\u00a0\u00bbdefault\u00a0\u00bb text_font=\u00a0\u00bb|800||on|||||\u00a0\u00bb text_text_color=\u00a0\u00bb#0a7ea9&Prime; text_font_size=\u00a0\u00bb40px\u00a0\u00bb text_letter_spacing_last_edited=\u00a0\u00bboff|phone\u00a0\u00bb text_line_height_tablet=\u00a0\u00bb\u00a0\u00bb text_line_height_phone=\u00a0\u00bb1em\u00a0\u00bb text_line_height_last_edited=\u00a0\u00bbon|phone\u00a0\u00bb]<\/p>\n<p>La collection Kraft<\/p>\n<p>[\/et_pb_text][et_pb_divider color=\u00a0\u00bb#0a7ea9&Prime; divider_weight=\u00a0\u00bb9px\u00a0\u00bb _builder_version=\u00a0\u00bb4.6.6&Prime; _module_preset=\u00a0\u00bbdefault\u00a0\u00bb width=\u00a0\u00bb12%\u00a0\u00bb][\/et_pb_divider][\/et_pb_column][\/et_pb_row][\/et_pb_section][et_pb_section fb_built=\u00a0\u00bb1&Prime; _builder_version=\u00a0\u00bb3.22&Prime;][et_pb_row column_structure=\u00a0\u00bb3_5,2_5&Prime; _builder_version=\u00a0\u00bb3.25&Prime;][et_pb_column type=\u00a0\u00bb3_5&Prime; _builder_version=\u00a0\u00bb3.25&Prime; custom_padding=\u00a0\u00bb|||\u00a0\u00bb custom_padding__hover=\u00a0\u00bb|||\u00a0\u00bb][et_pb_text _builder_version=\u00a0\u00bb4.6.6&Prime;]<\/p>\n<p>Parce que nous aimons les nouvelles, mais appr\u00e9cions peu les recueils qui nous obligent \u00e0 passer d\u2019une histoire \u00e0 une autre sans nous laisser le temps de refermer le livre sur nos sensations, nous avons d\u00e9cid\u00e9 de lancer cette collection d\u00e9di\u00e9e \u00e0 la nouvelle \u00e9dit\u00e9e \u00e0 l\u2019unit\u00e9.<br data-start=\"412\" data-end=\"415\" \/> L\u2019\u00e9tymologie du mot <em data-start=\"435\" data-end=\"442\">Kraft<\/em> (de l\u2019allemand <em data-start=\"458\" data-end=\"469\">\u00ab force \u00bb<\/em>) en trace la ligne \u00e9ditoriale : une s\u00e9rie de livres forts et ambitieux, malgr\u00e9 leur taille restreinte.<\/p>\n<p>&nbsp;<\/p>\n<p>&nbsp;<\/p>\n<p>[\/et_pb_text][et_pb_button button_url=\u00a0\u00bbhttps:\/\/www.lespoetesbodybuildes.fr\/index.php\/produit\/abonnement-a-la-collection-kraft-1-an\/\u00a0\u00bb button_text=\u00a0\u00bbS&rsquo;abonner \u00e0 Kraft\u00a0\u00bb button_alignment=\u00a0\u00bbleft\u00a0\u00bb _builder_version=\u00a0\u00bb4.6.6&Prime; _module_preset=\u00a0\u00bbdefault\u00a0\u00bb custom_button=\u00a0\u00bbon\u00a0\u00bb button_text_size=\u00a0\u00bb23px\u00a0\u00bb button_text_color=\u00a0\u00bb#ffffff\u00a0\u00bb button_bg_color=\u00a0\u00bb#c3b28c\u00a0\u00bb button_border_color=\u00a0\u00bb#ffffff\u00a0\u00bb button_font=\u00a0\u00bb|700|||||||\u00a0\u00bb][\/et_pb_button][\/et_pb_column][et_pb_column type=\u00a0\u00bb2_5&Prime; _builder_version=\u00a0\u00bb3.25&Prime; custom_padding=\u00a0\u00bb|||\u00a0\u00bb custom_padding__hover=\u00a0\u00bb|||\u00a0\u00bb][et_pb_image src=\u00a0\u00bbhttps:\/\/www.lespoetesbodybuildes.fr\/wp-content\/uploads\/2025\/10\/Capture-decran-2025-10-12-a-22.35.45.png\u00a0\u00bb title_text=\u00a0\u00bbCapture d\u2019e\u0301cran 2025-10-12 a\u0300 22.35.45&Prime; _builder_version=\u00a0\u00bb4.6.6&Prime; _module_preset=\u00a0\u00bbdefault\u00a0\u00bb][\/et_pb_image][\/et_pb_column][\/et_pb_row][et_pb_row _builder_version=\u00a0\u00bb4.6.6&Prime; _module_preset=\u00a0\u00bbdefault\u00a0\u00bb][et_pb_column type=\u00a0\u00bb4_4&Prime; _builder_version=\u00a0\u00bb4.6.6&Prime; _module_preset=\u00a0\u00bbdefault\u00a0\u00bb][et_pb_text _builder_version=\u00a0\u00bb4.6.6&Prime; _module_preset=\u00a0\u00bbdefault\u00a0\u00bb text_font=\u00a0\u00bb|800||on|on||||\u00a0\u00bb text_text_color=\u00a0\u00bb#000000&Prime; text_font_size=\u00a0\u00bb20px\u00a0\u00bb text_orientation=\u00a0\u00bbcenter\u00a0\u00bb]<\/p>\n<p>LES LIVREs<\/p>\n<p>[\/et_pb_text][\/et_pb_column][\/et_pb_row][et_pb_row column_structure=\u00a0\u00bb3_5,2_5&Prime; _builder_version=\u00a0\u00bb4.6.6&Prime; _module_preset=\u00a0\u00bbdefault\u00a0\u00bb][et_pb_column type=\u00a0\u00bb3_5&Prime; _builder_version=\u00a0\u00bb4.6.6&Prime; _module_preset=\u00a0\u00bbdefault\u00a0\u00bb][et_pb_text _builder_version=\u00a0\u00bb4.6.6&Prime; _module_preset=\u00a0\u00bbdefault\u00a0\u00bb hover_enabled=\u00a0\u00bb0&Prime; sticky_enabled=\u00a0\u00bb0&Prime;]<\/p>\n<p><span color=\"#c3b28c\" style=\"font-size: 14px; color: #c3b28c;\"><span style=\"font-size: 18px;\"><b><\/b><\/span><\/span><\/p>\n<p><span color=\"#c3b28c\" style=\"font-size: 14px; color: #c3b28c;\"><span style=\"font-size: 18px;\"><b>PAVILLON DE BANLIEUE<\/b><\/span><\/span><span style=\"font-size: 14px;\">\u00a0<\/span><\/p>\n<p><span style=\"font-size: 14px;\">par Guillaume Elmassian<\/span><span style=\"font-size: 14px;\">\u00a0<\/span><\/p>\n<p><em>Derri\u00e8re un patriarche emprisonn\u00e9 entre ses obsessions loufoques et son \u00e9go, toute une famille est somm\u00e9e de suivre. Personne ne sait vraiment o\u00f9 \u00e7a m\u00e8ne, mais tout le monde continue quand m\u00eame.<\/em><\/p>\n<p><a href=\"https:\/\/www.lespoetesbodybuildes.fr\/index.php\/produit\/kraft-pavillon-de-banlieue-g-elmassian\/\">Acheter ce livre<\/a><\/p>\n<p>&nbsp;<\/p>\n<p>[\/et_pb_text][\/et_pb_column][et_pb_column type=\u00a0\u00bb2_5&Prime; _builder_version=\u00a0\u00bb4.6.6&Prime; _module_preset=\u00a0\u00bbdefault\u00a0\u00bb][et_pb_image src=\u00a0\u00bbhttps:\/\/www.lespoetesbodybuildes.fr\/wp-content\/uploads\/2026\/03\/Site-kraft-pavillon.png\u00a0\u00bb title_text=\u00a0\u00bbSite-kraft-pavillon\u00a0\u00bb _builder_version=\u00a0\u00bb4.6.6&Prime; _module_preset=\u00a0\u00bbdefault\u00a0\u00bb max_height=\u00a0\u00bb250px\u00a0\u00bb hover_enabled=\u00a0\u00bb0&Prime; sticky_enabled=\u00a0\u00bb0&Prime;][\/et_pb_image][\/et_pb_column][\/et_pb_row][et_pb_row column_structure=\u00a0\u00bb3_5,2_5&Prime; _builder_version=\u00a0\u00bb4.6.6&Prime; _module_preset=\u00a0\u00bbdefault\u00a0\u00bb][et_pb_column type=\u00a0\u00bb3_5&Prime; _builder_version=\u00a0\u00bb4.6.6&Prime; _module_preset=\u00a0\u00bbdefault\u00a0\u00bb][et_pb_text _builder_version=\u00a0\u00bb4.6.6&Prime; _module_preset=\u00a0\u00bbdefault\u00a0\u00bb hover_enabled=\u00a0\u00bb0&Prime; sticky_enabled=\u00a0\u00bb0&Prime;]<\/p>\n<p><span color=\"#c3b28c\" style=\"font-size: 14px; color: #c3b28c;\"><span style=\"font-size: 18px;\"><b><\/b><\/span><\/span><\/p>\n<p><span color=\"#c3b28c\" style=\"font-size: 14px; color: #c3b28c;\"><span style=\"font-size: 18px;\"><b>ROULE<\/b><\/span><\/span><span style=\"font-size: 14px;\">\u00a0<\/span><\/p>\n<p><span style=\"font-size: 14px;\">par Mona Salm<\/span><span style=\"font-size: 14px;\">\u00a0<\/span><span style=\"font-size: 14px;\">\u00a0<\/span><\/p>\n<p><em>Oda traverse la ville \u00e0 v\u00e9lo, gris\u00e9e par la vitesse et l\u2019adr\u00e9naline. Mais ce jeu d\u2019\u00e9quilibriste pour exister parmi la foule urbaine laisse peu \u00e0 peu se propager en elle une col\u00e8re toujours plus exigeante et d\u00e9vorante.<\/em>\u00a0<span style=\"font-size: 14px;\">\u00a0<\/span><\/p>\n<p><a href=\"https:\/\/www.lespoetesbodybuildes.fr\/index.php\/produit\/kraft-roule-m-salm\/\">Acheter ce livre<\/a><\/p>\n<p>[\/et_pb_text][\/et_pb_column][et_pb_column type=\u00a0\u00bb2_5&Prime; _builder_version=\u00a0\u00bb4.6.6&Prime; _module_preset=\u00a0\u00bbdefault\u00a0\u00bb][et_pb_image src=\u00a0\u00bbhttps:\/\/www.lespoetesbodybuildes.fr\/wp-content\/uploads\/2026\/03\/Site-kraft-roule.png\u00a0\u00bb title_text=\u00a0\u00bbSite-kraft-roule\u00a0\u00bb _builder_version=\u00a0\u00bb4.6.6&Prime; _module_preset=\u00a0\u00bbdefault\u00a0\u00bb max_height=\u00a0\u00bb250px\u00a0\u00bb][\/et_pb_image][\/et_pb_column][\/et_pb_row][et_pb_row column_structure=\u00a0\u00bb3_5,2_5&Prime; _builder_version=\u00a0\u00bb4.6.6&Prime; _module_preset=\u00a0\u00bbdefault\u00a0\u00bb][et_pb_column type=\u00a0\u00bb3_5&Prime; _builder_version=\u00a0\u00bb4.6.6&Prime; _module_preset=\u00a0\u00bbdefault\u00a0\u00bb][et_pb_text _builder_version=\u00a0\u00bb4.6.6&Prime; _module_preset=\u00a0\u00bbdefault\u00a0\u00bb]<\/p>\n<p><span style=\"font-size: large; color: #c3b28c;\"><strong><\/strong><\/span><\/p>\n<p><span style=\"font-size: large; color: #c3b28c;\"><strong><\/strong><\/span><\/p>\n<p><span color=\"#c3b28c\" style=\"color: #c3b28c;\"><span style=\"font-size: 18px;\"><b><\/b><\/span><\/span><\/p>\n<p><span color=\"#c3b28c\" style=\"color: #c3b28c;\"><span style=\"font-size: 18px;\"><b>LA DERNI\u00c8RE<\/b><\/span><\/span><\/p>\n<p><span style=\"font-size: 14px;\">par \u00c9mile Costard<\/span><\/p>\n<p><em>La derni\u00e8re journ\u00e9e au poste d\u2019aiguillage B s\u2019\u00e9tire entre plaisanteries fatigu\u00e9es et silences complices. Ce qui s\u2019arr\u00eate ce jour-l\u00e0, ce n\u2019est pas seulement le travail, mais une fa\u00e7on d\u2019\u00eatre ensemble.<\/em><span style=\"font-size: 14px;\">\u00a0<\/span><\/p>\n<p><span style=\"font-size: 14px;\"><\/span><\/p>\n<p><a href=\"https:\/\/www.lespoetesbodybuildes.fr\/index.php\/produit\/kraft-la-derniere-e-costard\/\">Acheter ce livre<\/a><em><\/em><\/p>\n<p>&nbsp;<\/p>\n<p>[\/et_pb_text][\/et_pb_column][et_pb_column type=\u00a0\u00bb2_5&Prime; _builder_version=\u00a0\u00bb4.6.6&Prime; _module_preset=\u00a0\u00bbdefault\u00a0\u00bb][et_pb_image src=\u00a0\u00bbhttps:\/\/www.lespoetesbodybuildes.fr\/wp-content\/uploads\/2026\/03\/Site-kraft-derniere.png\u00a0\u00bb title_text=\u00a0\u00bbSite-kraft-dernie\u0300re\u00a0\u00bb _builder_version=\u00a0\u00bb4.6.6&Prime; _module_preset=\u00a0\u00bbdefault\u00a0\u00bb max_height=\u00a0\u00bb250px\u00a0\u00bb][\/et_pb_image][\/et_pb_column][\/et_pb_row][et_pb_row column_structure=\u00a0\u00bb3_5,2_5&Prime; _builder_version=\u00a0\u00bb4.6.6&Prime; _module_preset=\u00a0\u00bbdefault\u00a0\u00bb][et_pb_column type=\u00a0\u00bb3_5&Prime; _builder_version=\u00a0\u00bb4.6.6&Prime; _module_preset=\u00a0\u00bbdefault\u00a0\u00bb][et_pb_text _builder_version=\u00a0\u00bb4.6.6&Prime; _module_preset=\u00a0\u00bbdefault\u00a0\u00bb]<\/p>\n<p><span style=\"font-size: large; color: #c3b28c;\"><strong><\/strong><\/span><\/p>\n<p><span style=\"font-size: large; color: #c3b28c;\"><strong><\/strong><\/span><\/p>\n<p><span style=\"font-size: large; color: #c3b28c;\"><strong>LE VIEUX, LE MUET ET LE ROUGEAUD<\/strong><\/span><\/p>\n<p>par Olivier Billon<\/p>\n<p><em>Germain travaille dans une conserverie de poissons, o\u00f9 chaque journ\u00e9e se ressemble, r\u00e9gl\u00e9e par la cadence des machines. Un jour, une panne lui offre une journ\u00e9e de cong\u00e9 impr\u00e9vue, qui l\u2019entra\u00eene hors de sa routine. <\/em><\/p>\n<p><em><\/em><\/p>\n<p><a href=\"https:\/\/www.lespoetesbodybuildes.fr\/index.php\/produit\/kraft-le-vieux-le-muet-et-le-rougeaud-o-billon\/\">Acheter ce livre<em><\/em><\/a><\/p>\n<p>&nbsp;<\/p>\n<p>[\/et_pb_text][\/et_pb_column][et_pb_column type=\u00a0\u00bb2_5&Prime; _builder_version=\u00a0\u00bb4.6.6&Prime; _module_preset=\u00a0\u00bbdefault\u00a0\u00bb][et_pb_image src=\u00a0\u00bbhttps:\/\/www.lespoetesbodybuildes.fr\/wp-content\/uploads\/2026\/03\/Site-kraft-vieuxmuetrou.png\u00a0\u00bb title_text=\u00a0\u00bbSite-kraft-vieuxmuetrou\u00a0\u00bb _builder_version=\u00a0\u00bb4.6.6&Prime; _module_preset=\u00a0\u00bbdefault\u00a0\u00bb max_height=\u00a0\u00bb250px\u00a0\u00bb][\/et_pb_image][\/et_pb_column][\/et_pb_row][et_pb_row column_structure=\u00a0\u00bb3_5,2_5&Prime; _builder_version=\u00a0\u00bb4.6.6&Prime; _module_preset=\u00a0\u00bbdefault\u00a0\u00bb][et_pb_column type=\u00a0\u00bb3_5&Prime; _builder_version=\u00a0\u00bb4.6.6&Prime; _module_preset=\u00a0\u00bbdefault\u00a0\u00bb][et_pb_text _builder_version=\u00a0\u00bb4.6.6&Prime; _module_preset=\u00a0\u00bbdefault\u00a0\u00bb]<\/p>\n<p><span style=\"font-size: large; color: #c3b28c;\"><strong><\/strong><\/span><\/p>\n<p><span style=\"font-size: large; color: #c3b28c;\"><strong><\/strong><\/span><\/p>\n<p><span style=\"font-size: large; color: #c3b28c;\"><strong>LE ROI DE LA BAGARRE<\/strong> <\/span><\/p>\n<p>par Guillaume Elmassian<\/p>\n<p><em>Il n&rsquo;est jamais facile de grandir dans l&rsquo;ombre de son p\u00e8re de surcr\u00f4it quand celui-ci est le Roi de la bagarre. Mais qu&rsquo;est-ce qu&rsquo;il advient de ses monarques de p\u00e8re quand le temps leur roule dessus ?\u00a0<\/em><\/p>\n<p><em><\/em><\/p>\n<p><a href=\"https:\/\/www.lespoetesbodybuildes.fr\/index.php\/produit\/kraft-le-roi-de-la-bagarre-g-elmassian\/\">Acheter ce livre<em><\/em><\/a><\/p>\n<p>&nbsp;<\/p>\n<p>[\/et_pb_text][\/et_pb_column][et_pb_column type=\u00a0\u00bb2_5&Prime; _builder_version=\u00a0\u00bb4.6.6&Prime; _module_preset=\u00a0\u00bbdefault\u00a0\u00bb][et_pb_image src=\u00a0\u00bbhttps:\/\/www.lespoetesbodybuildes.fr\/wp-content\/uploads\/2026\/03\/Site-kraft-roibagarre.png\u00a0\u00bb title_text=\u00a0\u00bbSite-kraft-roibagarre\u00a0\u00bb _builder_version=\u00a0\u00bb4.6.6&Prime; _module_preset=\u00a0\u00bbdefault\u00a0\u00bb max_height=\u00a0\u00bb250px\u00a0\u00bb][\/et_pb_image][\/et_pb_column][\/et_pb_row][et_pb_row _builder_version=\u00a0\u00bb3.25&Prime;][et_pb_column type=\u00a0\u00bb4_4&Prime; _builder_version=\u00a0\u00bb3.25&Prime; custom_padding=\u00a0\u00bb|||\u00a0\u00bb custom_padding__hover=\u00a0\u00bb|||\u00a0\u00bb][et_pb_button button_url=\u00a0\u00bbhttps:\/\/www.lespoetesbodybuildes.fr\/\u00a0\u00bb button_text=\u00a0\u00bbRetour\u00a0\u00bb button_alignment=\u00a0\u00bbcenter\u00a0\u00bb _builder_version=\u00a0\u00bb4.6.6&Prime; custom_button=\u00a0\u00bbon\u00a0\u00bb button_text_color=\u00a0\u00bb#0da0c5&Prime; button_font=\u00a0\u00bb||||||||\u00a0\u00bb button_icon_placement=\u00a0\u00bbleft\u00a0\u00bb button_text_size__hover_enabled=\u00a0\u00bboff\u00a0\u00bb button_one_text_size__hover_enabled=\u00a0\u00bboff\u00a0\u00bb button_two_text_size__hover_enabled=\u00a0\u00bboff\u00a0\u00bb button_text_color__hover_enabled=\u00a0\u00bboff\u00a0\u00bb button_one_text_color__hover_enabled=\u00a0\u00bboff\u00a0\u00bb button_two_text_color__hover_enabled=\u00a0\u00bboff\u00a0\u00bb button_border_width__hover_enabled=\u00a0\u00bboff\u00a0\u00bb button_one_border_width__hover_enabled=\u00a0\u00bboff\u00a0\u00bb button_two_border_width__hover_enabled=\u00a0\u00bboff\u00a0\u00bb button_border_color__hover_enabled=\u00a0\u00bboff\u00a0\u00bb button_one_border_color__hover_enabled=\u00a0\u00bboff\u00a0\u00bb button_two_border_color__hover_enabled=\u00a0\u00bboff\u00a0\u00bb button_border_radius__hover_enabled=\u00a0\u00bboff\u00a0\u00bb button_one_border_radius__hover_enabled=\u00a0\u00bboff\u00a0\u00bb button_two_border_radius__hover_enabled=\u00a0\u00bboff\u00a0\u00bb button_letter_spacing__hover_enabled=\u00a0\u00bboff\u00a0\u00bb button_one_letter_spacing__hover_enabled=\u00a0\u00bboff\u00a0\u00bb button_two_letter_spacing__hover_enabled=\u00a0\u00bboff\u00a0\u00bb button_bg_color__hover_enabled=\u00a0\u00bboff\u00a0\u00bb button_one_bg_color__hover_enabled=\u00a0\u00bboff\u00a0\u00bb button_two_bg_color__hover_enabled=\u00a0\u00bboff\u00a0\u00bb][\/et_pb_button][\/et_pb_column][\/et_pb_row][\/et_pb_section]<\/p>\n","protected":false},"excerpt":{"rendered":"<p>[et_pb_section fb_built=\u00a0\u00bb1&Prime; admin_label=\u00a0\u00bbsection\u00a0\u00bb _builder_version=\u00a0\u00bb3.22&Prime;][et_pb_row _builder_version=\u00a0\u00bb4.6.6&Prime; _module_preset=\u00a0\u00bbdefault\u00a0\u00bb][et_pb_column type=\u00a0\u00bb4_4&Prime; _builder_version=\u00a0\u00bb4.6.6&Prime; _module_preset=\u00a0\u00bbdefault\u00a0\u00bb][et_pb_text _builder_version=\u00a0\u00bb4.6.6&Prime; _module_preset=\u00a0\u00bbdefault\u00a0\u00bb text_font=\u00a0\u00bb|800||on|||||\u00a0\u00bb text_text_color=\u00a0\u00bb#0a7ea9&Prime; text_font_size=\u00a0\u00bb40px\u00a0\u00bb text_letter_spacing_last_edited=\u00a0\u00bboff|phone\u00a0\u00bb text_line_height_tablet=\u00a0\u00bb\u00a0\u00bb text_line_height_phone=\u00a0\u00bb1em\u00a0\u00bb text_line_height_last_edited=\u00a0\u00bbon|phone\u00a0\u00bb] La collection Kraft [\/et_pb_text][et_pb_divider color=\u00a0\u00bb#0a7ea9&Prime; divider_weight=\u00a0\u00bb9px\u00a0\u00bb _builder_version=\u00a0\u00bb4.6.6&Prime; _module_preset=\u00a0\u00bbdefault\u00a0\u00bb width=\u00a0\u00bb12%\u00a0\u00bb][\/et_pb_divider][\/et_pb_column][\/et_pb_row][\/et_pb_section][et_pb_section fb_built=\u00a0\u00bb1&Prime; _builder_version=\u00a0\u00bb3.22&Prime;][et_pb_row column_structure=\u00a0\u00bb3_5,2_5&Prime; _builder_version=\u00a0\u00bb3.25&Prime;][et_pb_column type=\u00a0\u00bb3_5&Prime; _builder_version=\u00a0\u00bb3.25&Prime; custom_padding=\u00a0\u00bb|||\u00a0\u00bb custom_padding__hover=\u00a0\u00bb|||\u00a0\u00bb][et_pb_text _builder_version=\u00a0\u00bb4.6.6&Prime;] Parce que nous aimons les nouvelles, mais appr\u00e9cions peu les recueils qui nous obligent \u00e0 passer d\u2019une histoire \u00e0 [&hellip;]<\/p>\n","protected":false},"author":1,"featured_media":0,"parent":0,"menu_order":0,"comment_status":"closed","ping_status":"closed","template":"","meta":{"_et_pb_use_builder":"on","_et_pb_old_content":"","_et_gb_content_width":"","footnotes":""},"class_list":["post-1252","page","type-page","status-publish","hentry"],"_links":{"self":[{"href":"https:\/\/www.lespoetesbodybuildes.fr\/index.php\/wp-json\/wp\/v2\/pages\/1252","targetHints":{"allow":["GET"]}}],"collection":[{"href":"https:\/\/www.lespoetesbodybuildes.fr\/index.php\/wp-json\/wp\/v2\/pages"}],"about":[{"href":"https:\/\/www.lespoetesbodybuildes.fr\/index.php\/wp-json\/wp\/v2\/types\/page"}],"author":[{"embeddable":true,"href":"https:\/\/www.lespoetesbodybuildes.fr\/index.php\/wp-json\/wp\/v2\/users\/1"}],"replies":[{"embeddable":true,"href":"https:\/\/www.lespoetesbodybuildes.fr\/index.php\/wp-json\/wp\/v2\/comments?post=1252"}],"version-history":[{"count":11,"href":"https:\/\/www.lespoetesbodybuildes.fr\/index.php\/wp-json\/wp\/v2\/pages\/1252\/revisions"}],"predecessor-version":[{"id":1310,"href":"https:\/\/www.lespoetesbodybuildes.fr\/index.php\/wp-json\/wp\/v2\/pages\/1252\/revisions\/1310"}],"wp:attachment":[{"href":"https:\/\/www.lespoetesbodybuildes.fr\/index.php\/wp-json\/wp\/v2\/media?parent=1252"}],"curies":[{"name":"wp","href":"https:\/\/api.w.org\/{rel}","templated":true}]}}